{"id":19302,"date":"2018-01-04T22:44:06","date_gmt":"2018-01-04T22:44:06","guid":{"rendered":"https:\/\/old.paroleostili.it\/bambini-e-social-media\/"},"modified":"2018-02-02T17:25:22","modified_gmt":"2018-02-02T17:25:22","slug":"bambini-e-social-media","status":"publish","type":"page","link":"https:\/\/old.paroleostili.it\/en\/il-programma-2017\/bambini-e-social-media\/","title":{"rendered":"Bambini e social media"},"content":{"rendered":"\n      <div class=\"wow fadeIn row\"  style=\"background-color: ;padding-top: 25px; padding-bottom: 25px;\" id=\"bricks\">\n        <div class=\"container\"><div class=\"bricks-textarea alternate col-xs-12 col-is-12 col-sm-12 col-md-12 col-lg-12\" >\t<div class=\"flow-text\"><h3>Il Panel<\/h3>\n<\/div>\n\n<\/div><!-- .col --><\/div><!-- .container --><\/div><!-- .row -->\n      <div class=\"wow fadeIn row\"  style=\"background-color: ;padding-top: 0px; padding-bottom: 0px;\" id=\"bricks\">\n        <div class=\"container\"><div class=\"bricks-textarea alternate col-xs-12 col-is-12 col-sm-1 col-md-1 col-lg-1\" >\t<div class=\"flow-text\"><\/div>\n\n<\/div><!-- .col --><div class=\"bricks-textarea alternate col-xs-12 col-is-12 col-sm-7 col-md-7 col-lg-7\" >\t<div class=\"flow-text\"><div class=\"borderleftred\">\n<h5>Perch\u00e8 sono i comunicatori di domani e stanno crescendo in una giungla digitale sempre pi\u00f9 estrema. E il gap con i genitori diventa una voragine.<\/h5>\n<p>C\u2019erano una volta i bambini. I bambini andavano a scuola, giocavano all\u2019aperto con gli amici, condividevano in famiglia, guardavano la tv\u2026Era un milione di anni fa\u2026 o forse no\u2026 solo qualche decennio. Oggi i bambini vanno ancora a scuola, hanno miliardi di attivit\u00e0 pomeridiane pianificate, giocano pochissimo all\u2019aperto con gli amici, sono sempre pi\u00f9 soli e guardano sempre meno tv. Lo smartphone diventa il regalo pi\u00f9 ambito al posto dei giocattoli, lo strumento che sostituisce il gioco al parco, la telefonata con la migliore amica\u2026 \u00e8 il mezzo per tenersi in contatto con gli amici. E il tablet diventa il babysitter in ogni occasione, sostituendo sempre di pi\u00f9 l\u2019intrattenimento televisivo e precipitando i bambini in una voragine di contenuti e stimoli sempre meno controllati, sempre pi\u00f9 trasgressivi e sempre pi\u00f9 lontani dalla comprensione dei genitori, completamente persi in un mondo che non riescono pi\u00f9 a capire. Un mondo dove gli YouTuber diventano i nuovi modelli aspirazionali, un mondo dove realt\u00e0 e virtuale sono sempre pi\u00f9 la stessa cosa, un mondo dove tutto va registrato e condiviso, come in un infinito set cinematografico che annienta una vita normale. E in questo contesto, i bambini sono sempre pi\u00f9 esposti a contenuti totalmente inappropriati. In una parola, i bambini sono sempre meno bambini, catapultati troppo presto in un mondo troppo adulto. Come fermare tutto questo? Come aiutare i genitori in questa giungla? E come supportare i bambini in una crescita \u201cdigitale ma serena\u201d?<\/p>\n<p><a href=\"https:\/\/old.paroleostili.it\/sostienici\/\">Scopri come ricevere le videoregistrazioni.<\/a><\/p>\n<h5>Per approfondire:<\/h5>\n<p><a href=\"http:\/\/www.washingtonpost.com\/sf\/style\/2016\/12\/07\/when-every-moment-of-childhood-can-be-recorded-and-shared-what-happens-to-childhood\/\" rel=\"noopener\" target=\"_blank\">When every moment of childhood can be recorded and shared, what happens to childhood?<\/a><br \/>\n<a href=\"http:\/\/www.wired.it\/internet\/social-network\/2016\/08\/31\/i-social-network-pieni-bambini-nessuno-curarsene\/\" rel=\"noopener\" target=\"_blank\">I social network sono pieni di bambini e nessuno ci fa caso.<\/a><br \/>\n<a href=\"http:\/\/www.vanityfair.it\/lifestyle\/bambini\/14\/09\/bambini-e-internet-rischi-e-come-proteggerli\" rel=\"noopener\" target=\"_blank\">Bambini e internet, cosa rischiano e come proteggerli<\/a><\/div>\n<\/div>\n\n<\/div><!-- .col --><div class=\"bricks-textarea alternate col-xs-12 col-is-12 col-sm-3 col-md-3 col-lg-3\" >\t<div class=\"flow-text\"><div class=\"borderleftblue\">\n<img src=\"https:\/\/old.paroleostili.it\/wp-content\/uploads\/2018\/01\/daniela_pavone-273x300.jpg\" alt=\"\" class=\"img-responsive\" \/><br \/>\nCoordinatrice:<\/p>\n<h6>Daniela Pavone<\/h6>\n<p>Senior Marketing Advisor<\/p>\n<p><strong>Francesca Agrati<\/strong><br \/>\nSocial media per Topolino Magazine<\/p>\n<p><strong>Michele Arlotta<\/strong><br \/>\nHead of Consumer Insight, Marketing &#038; Sales \u2013 TV Channels presso De Agostini Editore SpA<\/p>\n<p><strong>Casty<\/strong><br \/>\nSceneggiatore e disegnatore per Topolino Magazine<\/p>\n<p><strong>Davide Catenacci<\/strong><br \/>\nCaporedattore di Comics Topolino<\/p>\n<p><strong>Barbara Forresi<\/strong><br \/>\nPsicologa e psicoterapeuta<\/p>\n<p><strong>Roberta Franceschetti<\/strong><br \/>\nCo-founder di Mamam\u00f2.it e di DigitalBOOM<\/p>\n<p><strong>Cristina Liverani<\/strong><br \/>\nResearch Manager responsabile dei progetti di ricerca di Doxa Kids<\/p>\n<p><strong>Fabrizio Savorani<\/strong><br \/>\nMarketing Senior Advisor, consulente per Doxa Kids<\/div>\n<\/div>\n\n<\/div><!-- .col --><\/div><!-- .container --><\/div><!-- .row -->            <!-- Bricks Overrides -->\n                                    \n","protected":false},"excerpt":{"rendered":"","protected":false},"author":4,"featured_media":0,"parent":19393,"menu_order":0,"comment_status":"closed","ping_status":"closed","template":"","meta":{"_links_to":"","_links_to_target":""},"acf":[],"yoast_head":"<!-- This site is optimized with the Yoast SEO plugin v21.4 - https:\/\/yoast.com\/wordpress\/plugins\/seo\/ -->\n<title>Bambini e social media - Parole O_Stili<\/title>\n<meta name=\"robots\" content=\"index, follow, max-snippet:-1, max-image-preview:large, max-video-preview:-1\" \/>\n<link rel=\"canonical\" href=\"https:\/\/old.paroleostili.it\/en\/il-programma-2017\/bambini-e-social-media\/\" \/>\n<meta property=\"og:locale\" content=\"en_US\" \/>\n<meta property=\"og:type\" content=\"article\" \/>\n<meta property=\"og:title\" content=\"Bambini e social media - Parole O_Stili\" \/>\n<meta property=\"og:url\" content=\"https:\/\/old.paroleostili.it\/en\/il-programma-2017\/bambini-e-social-media\/\" \/>\n<meta property=\"og:site_name\" content=\"Parole O_Stili\" \/>\n<meta property=\"article:publisher\" content=\"https:\/\/www.facebook.com\/paroleostili\/\" \/>\n<meta property=\"article:modified_time\" content=\"2018-02-02T17:25:22+00:00\" \/>\n<meta property=\"og:image\" content=\"https:\/\/old.paroleostili.it\/wp-content\/uploads\/2018\/08\/paroleostili_generico-twitter2-2.jpg\" \/>\n\t<meta property=\"og:image:width\" content=\"1200\" \/>\n\t<meta property=\"og:image:height\" content=\"627\" \/>\n\t<meta property=\"og:image:type\" content=\"image\/jpeg\" \/>\n<meta name=\"twitter:card\" content=\"summary_large_image\" \/>\n<meta name=\"twitter:site\" content=\"@ParoleOstili\" \/>\n<script type=\"application\/ld+json\" class=\"yoast-schema-graph\">{\"@context\":\"https:\/\/schema.org\",\"@graph\":[{\"@type\":\"WebPage\",\"@id\":\"https:\/\/old.paroleostili.it\/en\/il-programma-2017\/bambini-e-social-media\/\",\"url\":\"https:\/\/old.paroleostili.it\/en\/il-programma-2017\/bambini-e-social-media\/\",\"name\":\"Bambini e social media - Parole O_Stili\",\"isPartOf\":{\"@id\":\"https:\/\/old.paroleostili.it\/#website\"},\"datePublished\":\"2018-01-04T22:44:06+00:00\",\"dateModified\":\"2018-02-02T17:25:22+00:00\",\"breadcrumb\":{\"@id\":\"https:\/\/old.paroleostili.it\/en\/il-programma-2017\/bambini-e-social-media\/#breadcrumb\"},\"inLanguage\":\"en-US\",\"potentialAction\":[{\"@type\":\"ReadAction\",\"target\":[\"https:\/\/old.paroleostili.it\/en\/il-programma-2017\/bambini-e-social-media\/\"]}]},{\"@type\":\"BreadcrumbList\",\"@id\":\"https:\/\/old.paroleostili.it\/en\/il-programma-2017\/bambini-e-social-media\/#breadcrumb\",\"itemListElement\":[{\"@type\":\"ListItem\",\"position\":1,\"name\":\"Home\",\"item\":\"https:\/\/old.paroleostili.it\/en\/\"},{\"@type\":\"ListItem\",\"position\":2,\"name\":\"1ST EDITION &#8211; February 2017\",\"item\":\"https:\/\/old.paroleostili.it\/en\/il-programma-2017\/\"},{\"@type\":\"ListItem\",\"position\":3,\"name\":\"Bambini e social media\"}]},{\"@type\":\"WebSite\",\"@id\":\"https:\/\/old.paroleostili.it\/#website\",\"url\":\"https:\/\/old.paroleostili.it\/\",\"name\":\"Parole O_Stili\",\"description\":\"La ferita provocata da una parola non guarisce.\",\"publisher\":{\"@id\":\"https:\/\/old.paroleostili.it\/#organization\"},\"potentialAction\":[{\"@type\":\"SearchAction\",\"target\":{\"@type\":\"EntryPoint\",\"urlTemplate\":\"https:\/\/old.paroleostili.it\/?s={search_term_string}\"},\"query-input\":\"required name=search_term_string\"}],\"inLanguage\":\"en-US\"},{\"@type\":\"Organization\",\"@id\":\"https:\/\/old.paroleostili.it\/#organization\",\"name\":\"Parole Ostili\",\"url\":\"https:\/\/old.paroleostili.it\/\",\"logo\":{\"@type\":\"ImageObject\",\"inLanguage\":\"en-US\",\"@id\":\"https:\/\/old.paroleostili.it\/#\/schema\/logo\/image\/\",\"url\":\"https:\/\/old.paroleostili.it\/wp-content\/uploads\/2019\/11\/po_logo-1.png\",\"contentUrl\":\"https:\/\/old.paroleostili.it\/wp-content\/uploads\/2019\/11\/po_logo-1.png\",\"width\":834,\"height\":834,\"caption\":\"Parole Ostili\"},\"image\":{\"@id\":\"https:\/\/old.paroleostili.it\/#\/schema\/logo\/image\/\"},\"sameAs\":[\"https:\/\/www.facebook.com\/paroleostili\/\",\"https:\/\/twitter.com\/ParoleOstili\",\"https:\/\/www.instagram.com\/paroleostili\/\",\"https:\/\/www.linkedin.com\/company\/17913338\",\"https:\/\/www.youtube.com\/channel\/UC_j_mBg7H8JgMNWfqOuKiFQ\"]}]}<\/script>\n<!-- \/ Yoast SEO plugin. -->","yoast_head_json":{"title":"Bambini e social media - Parole O_Stili","robots":{"index":"index","follow":"follow","max-snippet":"max-snippet:-1","max-image-preview":"max-image-preview:large","max-video-preview":"max-video-preview:-1"},"canonical":"https:\/\/old.paroleostili.it\/en\/il-programma-2017\/bambini-e-social-media\/","og_locale":"en_US","og_type":"article","og_title":"Bambini e social media - Parole O_Stili","og_url":"https:\/\/old.paroleostili.it\/en\/il-programma-2017\/bambini-e-social-media\/","og_site_name":"Parole O_Stili","article_publisher":"https:\/\/www.facebook.com\/paroleostili\/","article_modified_time":"2018-02-02T17:25:22+00:00","og_image":[{"width":1200,"height":627,"url":"https:\/\/old.paroleostili.it\/wp-content\/uploads\/2018\/08\/paroleostili_generico-twitter2-2.jpg","type":"image\/jpeg"}],"twitter_card":"summary_large_image","twitter_site":"@ParoleOstili","schema":{"@context":"https:\/\/schema.org","@graph":[{"@type":"WebPage","@id":"https:\/\/old.paroleostili.it\/en\/il-programma-2017\/bambini-e-social-media\/","url":"https:\/\/old.paroleostili.it\/en\/il-programma-2017\/bambini-e-social-media\/","name":"Bambini e social media - Parole O_Stili","isPartOf":{"@id":"https:\/\/old.paroleostili.it\/#website"},"datePublished":"2018-01-04T22:44:06+00:00","dateModified":"2018-02-02T17:25:22+00:00","breadcrumb":{"@id":"https:\/\/old.paroleostili.it\/en\/il-programma-2017\/bambini-e-social-media\/#breadcrumb"},"inLanguage":"en-US","potentialAction":[{"@type":"ReadAction","target":["https:\/\/old.paroleostili.it\/en\/il-programma-2017\/bambini-e-social-media\/"]}]},{"@type":"BreadcrumbList","@id":"https:\/\/old.paroleostili.it\/en\/il-programma-2017\/bambini-e-social-media\/#breadcrumb","itemListElement":[{"@type":"ListItem","position":1,"name":"Home","item":"https:\/\/old.paroleostili.it\/en\/"},{"@type":"ListItem","position":2,"name":"1ST EDITION &#8211; February 2017","item":"https:\/\/old.paroleostili.it\/en\/il-programma-2017\/"},{"@type":"ListItem","position":3,"name":"Bambini e social media"}]},{"@type":"WebSite","@id":"https:\/\/old.paroleostili.it\/#website","url":"https:\/\/old.paroleostili.it\/","name":"Parole O_Stili","description":"La ferita provocata da una parola non guarisce.","publisher":{"@id":"https:\/\/old.paroleostili.it\/#organization"},"potentialAction":[{"@type":"SearchAction","target":{"@type":"EntryPoint","urlTemplate":"https:\/\/old.paroleostili.it\/?s={search_term_string}"},"query-input":"required name=search_term_string"}],"inLanguage":"en-US"},{"@type":"Organization","@id":"https:\/\/old.paroleostili.it\/#organization","name":"Parole Ostili","url":"https:\/\/old.paroleostili.it\/","logo":{"@type":"ImageObject","inLanguage":"en-US","@id":"https:\/\/old.paroleostili.it\/#\/schema\/logo\/image\/","url":"https:\/\/old.paroleostili.it\/wp-content\/uploads\/2019\/11\/po_logo-1.png","contentUrl":"https:\/\/old.paroleostili.it\/wp-content\/uploads\/2019\/11\/po_logo-1.png","width":834,"height":834,"caption":"Parole Ostili"},"image":{"@id":"https:\/\/old.paroleostili.it\/#\/schema\/logo\/image\/"},"sameAs":["https:\/\/www.facebook.com\/paroleostili\/","https:\/\/twitter.com\/ParoleOstili","https:\/\/www.instagram.com\/paroleostili\/","https:\/\/www.linkedin.com\/company\/17913338","https:\/\/www.youtube.com\/channel\/UC_j_mBg7H8JgMNWfqOuKiFQ"]}]}},"_links":{"self":[{"href":"https:\/\/old.paroleostili.it\/en\/wp-json\/wp\/v2\/pages\/19302"}],"collection":[{"href":"https:\/\/old.paroleostili.it\/en\/wp-json\/wp\/v2\/pages"}],"about":[{"href":"https:\/\/old.paroleostili.it\/en\/wp-json\/wp\/v2\/types\/page"}],"author":[{"embeddable":true,"href":"https:\/\/old.paroleostili.it\/en\/wp-json\/wp\/v2\/users\/4"}],"replies":[{"embeddable":true,"href":"https:\/\/old.paroleostili.it\/en\/wp-json\/wp\/v2\/comments?post=19302"}],"version-history":[{"count":0,"href":"https:\/\/old.paroleostili.it\/en\/wp-json\/wp\/v2\/pages\/19302\/revisions"}],"up":[{"embeddable":true,"href":"https:\/\/old.paroleostili.it\/en\/wp-json\/wp\/v2\/pages\/19393"}],"wp:attachment":[{"href":"https:\/\/old.paroleostili.it\/en\/wp-json\/wp\/v2\/media?parent=19302"}],"curies":[{"name":"wp","href":"https:\/\/api.w.org\/{rel}","templated":true}]}}