{"id":27478,"date":"2018-04-24T13:11:10","date_gmt":"2018-04-24T11:11:10","guid":{"rendered":"https:\/\/old.paroleostili.it\/?page_id=27478"},"modified":"2023-10-06T11:13:37","modified_gmt":"2023-10-06T09:13:37","slug":"libro-10-racconti","status":"publish","type":"page","link":"https:\/\/old.paroleostili.it\/en\/libro-10-racconti\/","title":{"rendered":"Parole Ostili"},"content":{"rendered":"\n      <div class=\"wow fadeIn row sfondo-grigio\"  style=\"background-color: ;padding-top: 50px; padding-bottom: 50px;\" id=\"bricks\">\n        <div class=\"container\"><div class=\"bricks-textarea alternate col-xs-12 col-is-12 col-sm-6 col-md-6 col-lg-6\" >\t<div class=\"flow-text\"><h5>La descrizione<\/h5>\n<p>Le parole sono importanti, hanno un <strong>potere enorme<\/strong>. Troppo spesso sono utilizzate in modo improprio, offensivo, sleale, impreciso, maleducato, diseducativo. In una parola, duro (senza cuore). E spesso inconsapevole delle <strong>conseguenze<\/strong>. Al fine di ridurre, arginare, denunciare, combattere le pratiche e i linguaggi negativi, l\u2019Associazione Parole O_Stili si \u00e8 impegnata in un progetto di sensibilizzazione ed educazione contro l\u2019ostilit\u00e0 delle parole, <strong>online e offline<\/strong>, che ha portato all\u2019elaborazione del Manifesto della comunicazione non ostile. Un\u2019<strong>esortazione civile<\/strong> alla scelta responsabile delle parole che si usano, all\u2019ascolto, alla discussione, financo al silenzio.<\/p>\n<p>I racconti che state per leggere si ispirano liberamente ai <strong>dieci punti<\/strong> che compongono il Manifesto e sono stati affidati all\u2019interpretazione dei nomi pi\u00f9 interessanti della narrativa contemporanea. Ogni punto un racconto, ogni racconto un mondo noto o ignoto, accogliente o pauroso, <strong>futuri possibili<\/strong> anticipati dal nostro presente o che svelano ci\u00f2 che nel presente passa inosservato e che tuttavia condiziona e regola il nostro modo di essere e di interagire con gli altri. Non aspettatevi uno svolgimento didascalico: alcuni racconti <strong>vi metteranno alla prova<\/strong>, altri vi accarezzeranno, nessuno vi dar\u00e0 certezze. Non \u00e8 forse per questo che scriviamo e leggiamo?<\/p>\n<p>&nbsp;<\/p>\n<div class=\"scarica-libro\"><a href=\"https:\/\/old.paroleostili.it\/wp-content\/uploads\/2019\/02\/ParoleOStili-Estratto.pdf\" target=\"_blank\" rel=\"noopener\"><img src=\"https:\/\/old.paroleostili.it\/wp-content\/uploads\/2019\/02\/icona-download.png\" width=\"90px\" \/><\/a><\/p>\n<h6><a href=\"https:\/\/old.paroleostili.it\/wp-content\/uploads\/2019\/02\/ParoleOStili-Estratto.pdf\" target=\"_blank\" rel=\"noopener\">Scarica<\/a><br \/>\n<a href=\"https:\/\/old.paroleostili.it\/wp-content\/uploads\/2019\/02\/ParoleOStili-Estratto.pdf\" target=\"_blank\" rel=\"noopener\">un estratto<\/a><br \/>\n<a href=\"https:\/\/old.paroleostili.it\/wp-content\/uploads\/2019\/02\/ParoleOStili-Estratto.pdf\" target=\"_blank\" rel=\"noopener\">del libro<\/a><\/h6>\n<\/div>\n<\/div>\n\n<\/div><!-- .col --><div class=\"bricks-textarea alternate col-xs-12 col-is-12 col-sm-6 col-md-6 col-lg-6\" >\t<div class=\"flow-text\"><img class=\"img-responsive\" src=\"https:\/\/old.paroleostili.it\/wp-content\/uploads\/2019\/02\/LIBRO-PO-foto.png\" alt=\"\" \/>\n<\/div>\n\n<\/div><!-- .col --><\/div><!-- .container --><\/div><!-- .row -->\n      <div class=\"wow fadeIn row sfondo-rosa text-center\"  style=\"background-color: ;padding-top: 0px; padding-bottom: 0px;\" id=\"bricks\">\n        <div class=\"container\"><div class=\"bricks-textarea alternate col-xs-12 col-is-12 col-sm-12 col-md-12 col-lg-12\" >\t<div class=\"flow-text\"><h6>Acquista il libro<\/h6>\n<a href=\"https:\/\/www.amazon.it\/Parole-ostili-racconti-Loredana-Lipperini\/dp\/8858131878\" target=\"_blank\" rel=\"noopener\"><img loading=\"lazy\" class=\"alignnone\" style=\"margin-right: -23px;\" src=\"https:\/\/old.paroleostili.it\/wp-content\/uploads\/2018\/04\/logo-amazon.png\" alt=\"\" width=\"103\" height=\"103\" \/><\/a><a href=\"https:\/\/www.laterza.it\/index.php?option=com_laterza&amp;Itemid=97&amp;task=schedalibro&amp;isbn=9788858131879\" target=\"_blank\" rel=\"noopener\"><img loading=\"lazy\" class=\"alignnone\" style=\"margin-right: -43px;\" src=\"https:\/\/old.paroleostili.it\/wp-content\/uploads\/2018\/05\/logo-laterza.png\" alt=\"\" width=\"103\" height=\"103\" \/><\/a>\n<\/div>\n\n<\/div><!-- .col --><\/div><!-- .container --><\/div><!-- .row -->\n      <div class=\"wow fadeIn row\"  style=\"background-color: ;padding-top: 50px; padding-bottom: 50px;\" id=\"bricks\">\n        <div class=\"container\"><div class=\"bricks-textarea alternate col-xs-12 col-is-12 col-sm-12 col-md-12 col-lg-12\" >\t<div class=\"flow-text\"><h5 style=\"color: #000;\">La curatrice<\/h5>\n<\/div>\n\n<\/div><!-- .col --><div class=\"bricks-textarea alternate hidden-xs hidden-is hidden-sm col-md-2 col-lg-3\" >\t<div class=\"flow-text\"><\/div>\n\n<\/div><!-- .col --><div class=\"bricks-textarea alternate col-xs-12 col-is-12 col-sm-5 col-md-3 col-lg-3\" >\t<div class=\"flow-text\"><img class=\"img-responsive\" style=\"margin-bottom: 10px;\" src=\"https:\/\/old.paroleostili.it\/wp-content\/uploads\/2018\/04\/loredana-lipperini.png\" alt=\"\" \/>\n<\/div>\n\n<\/div><!-- .col --><div class=\"bricks-textarea alternate col-xs-12 col-is-12 col-sm-5 col-md-5 col-lg-5\" >\t<div class=\"flow-text\"><h6>Loredana Lipperini<\/h6>\n<p>Loredana Lipperini \u00e8 scrittrice e conduttrice radiofonica. L\u2019ultimo suo libro \u00e8 <em>L\u2019arrivo di Saturno<\/em>, pubblicato nel 2017 da Bompiani.<br \/>\nPer Laterza \u00e8 autrice di <em>\u201cL\u2019ho uccisa perch\u00e9 l\u2019amavo\u201d. Falso!<\/em> (con Michela Murgia, 2013) e <em>Questo trenino a molla che si chiama il cuore. La Val di Chienti, le Marche, lungo i confini<\/em> (2014).<\/p>\n<\/div>\n\n<\/div><!-- .col --><\/div><!-- .container --><\/div><!-- .row -->\n      <div class=\"wow fadeIn row sfondo-grigio\"  style=\"background-color: ;padding-top: 50px; padding-bottom: 50px;\" id=\"bricks\">\n        <div class=\"container\"><div class=\"bricks-textarea alternate col-xs-12 col-is-12 col-sm-12 col-md-12 col-lg-12\" >\t<div class=\"flow-text\"><h5 style=\"color: #000;\">Gli autori<\/h5>\n<\/div>\n\n<\/div><!-- .col --><div class=\"bricks-textarea alternate col-xs-12 col-is-12 col-sm-12 col-md-12 col-lg-12\" >\t<div class=\"flow-text\"><div class=\"autore-xs\">\n<div class=\"autore\">\n<p><a href=\"https:\/\/www.minimumfax.com\/autore\/giordano-meacci-1428\" target=\"_blank\" rel=\"noopener\"><br \/>\n<img src=\"https:\/\/old.paroleostili.it\/wp-content\/uploads\/2018\/05\/Giordano-Meacci.jpg\" \/><\/a><\/p>\n<h6>Giordano Meacci<\/h6>\n<\/div>\n<div class=\"autore\">\n<p><a href=\"https:\/\/it.wikipedia.org\/wiki\/Tommaso_Pincio\" target=\"_blank\" rel=\"noopener\"><br \/>\n<img src=\"https:\/\/old.paroleostili.it\/wp-content\/uploads\/2018\/05\/Tommaso-Pincio.jpg\" \/><\/a><\/p>\n<h6>Tommaso Pincio<\/h6>\n<\/div>\n<\/div>\n<div class=\"autore-xs\">\n<div class=\"autore\">\n<p><a href=\"https:\/\/it.wikipedia.org\/wiki\/Giuseppe_Genna\" target=\"_blank\" rel=\"noopener\"><br \/>\n<img src=\"https:\/\/old.paroleostili.it\/wp-content\/uploads\/2018\/05\/Giuseppe-Genna.jpg\" \/><\/a><\/p>\n<h6>Giuseppe Genna<\/h6>\n<\/div>\n<div class=\"autore\">\n<p><a href=\"https:\/\/it.wikipedia.org\/wiki\/Diego_De_Silva\" target=\"_blank\" rel=\"noopener\"><br \/>\n<img src=\"https:\/\/old.paroleostili.it\/wp-content\/uploads\/2018\/05\/Diego-De-Silva.jpg\" \/><\/a><\/p>\n<h6>Diego De Silva<\/h6>\n<\/div>\n<\/div>\n<div class=\"autore-xs\">\n<div class=\"autore\">\n<p><a href=\"https:\/\/it.wikipedia.org\/wiki\/Helena_Janeczek\" target=\"_blank\" rel=\"noopener\"><br \/>\n<img src=\"https:\/\/old.paroleostili.it\/wp-content\/uploads\/2018\/05\/Helena-Janeczek.jpg\" \/><\/a><\/p>\n<h6>Helena Janeczek<\/h6>\n<\/div>\n<div class=\"autore\">\n<p><a href=\"https:\/\/it.wikipedia.org\/wiki\/Fabio_Geda\" target=\"_blank\" rel=\"noopener\"><br \/>\n<img src=\"https:\/\/old.paroleostili.it\/wp-content\/uploads\/2018\/05\/Fabio-Geda.jpg\" \/><\/a><\/p>\n<h6>Fabio Geda<\/h6>\n<\/div>\n<\/div>\n<div class=\"autore-xs\">\n<div class=\"autore\">\n<p><a href=\"https:\/\/it.wikipedia.org\/wiki\/Alessandra_Sarchi\" target=\"_blank\" rel=\"noopener\"><br \/>\n<img src=\"https:\/\/old.paroleostili.it\/wp-content\/uploads\/2018\/05\/Alessandra-Sarchi.jpg\" \/><\/a><\/p>\n<h6>Alessandra Sarchi<\/h6>\n<\/div>\n<div class=\"autore\">\n<p><a href=\"https:\/\/it.wikipedia.org\/wiki\/Nadia_Terranova\" target=\"_blank\" rel=\"noopener\"><br \/>\n<img src=\"https:\/\/old.paroleostili.it\/wp-content\/uploads\/2018\/05\/Nadia-Terranova.png\" \/><\/a><\/p>\n<h6>Nadia Terranova<\/h6>\n<\/div>\n<\/div>\n<div class=\"autore-xs\">\n<div class=\"autore\">\n<p><a href=\"https:\/\/it.wikipedia.org\/wiki\/Christian_Raimo\" target=\"_blank\" rel=\"noopener\"><br \/>\n<img src=\"https:\/\/old.paroleostili.it\/wp-content\/uploads\/2018\/05\/Christian-Raimo.jpg\" \/><\/a><\/p>\n<h6>Christian Raimo<\/h6>\n<\/div>\n<div class=\"autore\">\n<p><a href=\"https:\/\/it.wikipedia.org\/wiki\/Simona_Vinci\" target=\"_blank\" rel=\"noopener\"><br \/>\n<img src=\"https:\/\/old.paroleostili.it\/wp-content\/uploads\/2018\/05\/Simona-Vinci.jpg\" \/><\/a><\/p>\n<h6>Simona Vinci<\/h6>\n<\/div>\n<\/div>\n<\/div>\n\n<\/div><!-- .col --><\/div><!-- .container --><\/div><!-- .row -->\n      <div class=\"wow fadeIn row text-center\"  style=\"background-color: ;padding-top: 50px; padding-bottom: 50px;\" id=\"bricks\">\n        <div class=\"container\"><div class=\"bricks-textarea alternate col-xs-12 col-is-12 col-sm-12 col-md-12 col-lg-12 citazioni\" >\t<div class=\"flow-text\"><p>\u201cSe oltre all\u2019uso della lingua ci\u00f2 che ci distingue dalle altre specie \u00e8 il possesso del libero arbitrio (o perlomeno di un arbitrio non del tutto precluso), allora usare le parole per evolverci o tornare a essere dei bruti \u00e8 il nostro banco di prova quotidiano.<br \/>\nPerch\u00e9 una nostra parola pu\u00f2 essere un attentato contro la specie. Preferisco vederla in un altro modo: in qualunque parola che pronunciamo pu\u00f2 nascondersi, ogni giorno, il segreto della nostra liberazione.\u201d<\/p>\n<p><b>Nicola Lagioia<\/b><br \/>\nDirettore del Salone di Torino<\/p>\n<\/div>\n\n<\/div><!-- .col --><\/div><!-- .container --><\/div><!-- .row -->\n      <div class=\"wow fadeIn row text-center\"  style=\"background-color: ;padding-top: 50px; padding-bottom: 50px;\" id=\"bricks\">\n        <div class=\"container\"><div class=\"bricks-textarea alternate col-xs-12 col-is-12 col-sm-12 col-md-12 col-lg-12 citazioni\" >\t<div class=\"flow-text\"><p>\u201cQuesta raccolta di racconti \u00e8 frutto di un\u2019inedita alleanza, che unisce il sostegno del Miur, la convinta adesione del Salone Internazionale del Libro di Torino e della casa editrice Laterza, l\u2019associazione Parole O_Stili, la curatrice e i dieci autori che hanno accettato la sfida di lavorare sui principi del Manifesto. \u00c8 una sfida magnifica, alla quale leggendo, ragionando, immaginando, avete partecipato anche tutti voi. E dunque, a tutti, grazie.\u201d<\/p>\n<p><b>Rosy Russo<\/b><br \/>\nPresidente dell\u2019Associazione Parole O_Stili<\/p>\n<\/div>\n\n<\/div><!-- .col --><\/div><!-- .container --><\/div><!-- .row -->\n      <div class=\"wow fadeIn row sfondo-giallo scheda-libro\"  hidden style=\"background-color: ;padding-top: 50px; padding-bottom: 50px;\" id=\"bricks\">\n        <div class=\"container\"><div class=\"bricks-textarea alternate col-xs-12 col-is-12 col-sm-12 col-md-12 col-lg-12 high-bottom\"  hidden>\t<div class=\"flow-text\"><h2>Sei un insegnante?<\/h2>\n<\/div>\n\n<\/div><!-- .col --><div class=\"bricks-textarea alternate col-xs-12 col-is-12 col-sm-5 col-md-5 col-lg-5 high-bottom\"  hidden>\t<div class=\"flow-text\"><p>Scarica le <strong>schede didattiche gratuite <\/strong>per fare lezione in classe con &#8220;Parole Ostili 10 racconti&#8221;.<\/p>\n<p>&nbsp;<\/p>\n<p><a class=\"btn-rosso\" href=\"https:\/\/old.paroleostili.it\/materiale-didattico\/schede-didattiche-10-racconti\/\" target=\"_blank\">Scarica le schede<\/a><\/p>\n<\/div>\n\n<\/div><!-- .col --><div class=\"bricks-textarea alternate col-xs-12 col-is-12 col-sm-7 col-md-7 col-lg-7 hidden\"  hidden>\t<div class=\"flow-text\"><img src=\"https:\/\/old.paroleostili.it\/wp-content\/uploads\/2020\/04\/scheda-dieci-racconti.png\" alt=\"\" class=\"img-responsive\" \/>\n<\/div>\n\n<\/div><!-- .col --><\/div><!-- .container --><\/div><!-- .row -->\n      <div class=\"wow fadeIn row hidden-sm hidden-md hidden-lg\"  style=\"background-color: ;padding-top: 50px; padding-bottom: 50px;\" id=\"bricks\">\n        <div class=\"container\"><\/div><!-- .container --><\/div><!-- .row -->            <!-- Bricks Overrides -->\n                                    \n","protected":false},"excerpt":{"rendered":"","protected":false},"author":30,"featured_media":0,"parent":0,"menu_order":0,"comment_status":"closed","ping_status":"closed","template":"","meta":{"_links_to":"","_links_to_target":""},"acf":[],"yoast_head":"<!-- This site is optimized with the Yoast SEO plugin v21.4 - https:\/\/yoast.com\/wordpress\/plugins\/seo\/ -->\n<title>Parole Ostili - 10 racconti | Il libro del Manifesto della comunicazione non ostile.<\/title>\n<meta name=\"description\" content=\"10 principi, 10 racconti, 10 diversi autori. La raccolta \u00e8 frutto di un&#039;inedita alleanza tra MIUR, Salone del Libro di Torino, Editori Laterza e Parole O_Stili.\" \/>\n<meta name=\"robots\" content=\"index, follow, max-snippet:-1, max-image-preview:large, max-video-preview:-1\" \/>\n<link rel=\"canonical\" href=\"https:\/\/old.paroleostili.it\/en\/libro-10-racconti-2\/\" \/>\n<meta property=\"og:locale\" content=\"en_US\" \/>\n<meta property=\"og:type\" content=\"article\" \/>\n<meta property=\"og:title\" content=\"Parole Ostili - 10 racconti | Il libro del Manifesto della comunicazione non ostile.\" \/>\n<meta property=\"og:description\" content=\"10 principi, 10 racconti, 10 diversi autori. La raccolta \u00e8 frutto di un&#039;inedita alleanza tra MIUR, Salone del Libro di Torino, Editori Laterza e Parole O_Stili.\" \/>\n<meta property=\"og:url\" content=\"https:\/\/old.paroleostili.it\/en\/libro-10-racconti-2\/\" \/>\n<meta property=\"og:site_name\" content=\"Parole O_Stili\" \/>\n<meta property=\"article:publisher\" content=\"https:\/\/www.facebook.com\/paroleostili\/\" \/>\n<meta property=\"article:modified_time\" content=\"2023-10-06T09:13:37+00:00\" \/>\n<meta property=\"og:image\" content=\"https:\/\/old.paroleostili.it\/wp-content\/uploads\/2018\/05\/po-libro-ADV-1.png\" \/>\n\t<meta property=\"og:image:width\" content=\"5000\" \/>\n\t<meta property=\"og:image:height\" content=\"2626\" \/>\n\t<meta property=\"og:image:type\" content=\"image\/png\" \/>\n<meta name=\"twitter:card\" content=\"summary_large_image\" \/>\n<meta name=\"twitter:title\" content=\"Parole Ostili - 10 racconti | Il libro del Manifesto della comunicazione non ostile.\" \/>\n<meta name=\"twitter:description\" content=\"10 principi, 10 racconti, 10 diversi autori. La raccolta \u00e8 frutto di un&#039;inedita alleanza tra MIUR, Salone del Libro di Torino, Editori Laterza e Parole O_Stili.\" \/>\n<meta name=\"twitter:image\" content=\"https:\/\/old.paroleostili.it\/wp-content\/uploads\/2018\/05\/po-libro-ADV-1.png\" \/>\n<meta name=\"twitter:site\" content=\"@ParoleOstili\" \/>\n<meta name=\"twitter:label1\" content=\"Est. reading time\" \/>\n\t<meta name=\"twitter:data1\" content=\"1 minute\" \/>\n<script type=\"application\/ld+json\" class=\"yoast-schema-graph\">{\"@context\":\"https:\/\/schema.org\",\"@graph\":[{\"@type\":\"WebPage\",\"@id\":\"https:\/\/old.paroleostili.it\/en\/libro-10-racconti-2\/\",\"url\":\"https:\/\/old.paroleostili.it\/en\/libro-10-racconti-2\/\",\"name\":\"Parole Ostili - 10 racconti | Il libro del Manifesto della comunicazione non ostile.\",\"isPartOf\":{\"@id\":\"https:\/\/old.paroleostili.it\/#website\"},\"datePublished\":\"2018-04-24T11:11:10+00:00\",\"dateModified\":\"2023-10-06T09:13:37+00:00\",\"description\":\"10 principi, 10 racconti, 10 diversi autori. La raccolta \u00e8 frutto di un'inedita alleanza tra MIUR, Salone del Libro di Torino, Editori Laterza e Parole O_Stili.\",\"breadcrumb\":{\"@id\":\"https:\/\/old.paroleostili.it\/en\/libro-10-racconti-2\/#breadcrumb\"},\"inLanguage\":\"en-US\",\"potentialAction\":[{\"@type\":\"ReadAction\",\"target\":[\"https:\/\/old.paroleostili.it\/en\/libro-10-racconti-2\/\"]}]},{\"@type\":\"BreadcrumbList\",\"@id\":\"https:\/\/old.paroleostili.it\/en\/libro-10-racconti-2\/#breadcrumb\",\"itemListElement\":[{\"@type\":\"ListItem\",\"position\":1,\"name\":\"Home\",\"item\":\"https:\/\/old.paroleostili.it\/en\/\"},{\"@type\":\"ListItem\",\"position\":2,\"name\":\"Parole Ostili\"}]},{\"@type\":\"WebSite\",\"@id\":\"https:\/\/old.paroleostili.it\/#website\",\"url\":\"https:\/\/old.paroleostili.it\/\",\"name\":\"Parole O_Stili\",\"description\":\"La ferita provocata da una parola non guarisce.\",\"publisher\":{\"@id\":\"https:\/\/old.paroleostili.it\/#organization\"},\"potentialAction\":[{\"@type\":\"SearchAction\",\"target\":{\"@type\":\"EntryPoint\",\"urlTemplate\":\"https:\/\/old.paroleostili.it\/?s={search_term_string}\"},\"query-input\":\"required name=search_term_string\"}],\"inLanguage\":\"en-US\"},{\"@type\":\"Organization\",\"@id\":\"https:\/\/old.paroleostili.it\/#organization\",\"name\":\"Parole Ostili\",\"url\":\"https:\/\/old.paroleostili.it\/\",\"logo\":{\"@type\":\"ImageObject\",\"inLanguage\":\"en-US\",\"@id\":\"https:\/\/old.paroleostili.it\/#\/schema\/logo\/image\/\",\"url\":\"https:\/\/old.paroleostili.it\/wp-content\/uploads\/2019\/11\/po_logo-1.png\",\"contentUrl\":\"https:\/\/old.paroleostili.it\/wp-content\/uploads\/2019\/11\/po_logo-1.png\",\"width\":834,\"height\":834,\"caption\":\"Parole Ostili\"},\"image\":{\"@id\":\"https:\/\/old.paroleostili.it\/#\/schema\/logo\/image\/\"},\"sameAs\":[\"https:\/\/www.facebook.com\/paroleostili\/\",\"https:\/\/twitter.com\/ParoleOstili\",\"https:\/\/www.instagram.com\/paroleostili\/\",\"https:\/\/www.linkedin.com\/company\/17913338\",\"https:\/\/www.youtube.com\/channel\/UC_j_mBg7H8JgMNWfqOuKiFQ\"]}]}<\/script>\n<!-- \/ Yoast SEO plugin. -->","yoast_head_json":{"title":"Parole Ostili - 10 racconti | Il libro del Manifesto della comunicazione non ostile.","description":"10 principi, 10 racconti, 10 diversi autori. La raccolta \u00e8 frutto di un'inedita alleanza tra MIUR, Salone del Libro di Torino, Editori Laterza e Parole O_Stili.","robots":{"index":"index","follow":"follow","max-snippet":"max-snippet:-1","max-image-preview":"max-image-preview:large","max-video-preview":"max-video-preview:-1"},"canonical":"https:\/\/old.paroleostili.it\/en\/libro-10-racconti-2\/","og_locale":"en_US","og_type":"article","og_title":"Parole Ostili - 10 racconti | Il libro del Manifesto della comunicazione non ostile.","og_description":"10 principi, 10 racconti, 10 diversi autori. La raccolta \u00e8 frutto di un'inedita alleanza tra MIUR, Salone del Libro di Torino, Editori Laterza e Parole O_Stili.","og_url":"https:\/\/old.paroleostili.it\/en\/libro-10-racconti-2\/","og_site_name":"Parole O_Stili","article_publisher":"https:\/\/www.facebook.com\/paroleostili\/","article_modified_time":"2023-10-06T09:13:37+00:00","og_image":[{"width":5000,"height":2626,"url":"https:\/\/old.paroleostili.it\/wp-content\/uploads\/2018\/05\/po-libro-ADV-1.png","type":"image\/png"}],"twitter_card":"summary_large_image","twitter_title":"Parole Ostili - 10 racconti | Il libro del Manifesto della comunicazione non ostile.","twitter_description":"10 principi, 10 racconti, 10 diversi autori. La raccolta \u00e8 frutto di un'inedita alleanza tra MIUR, Salone del Libro di Torino, Editori Laterza e Parole O_Stili.","twitter_image":"https:\/\/old.paroleostili.it\/wp-content\/uploads\/2018\/05\/po-libro-ADV-1.png","twitter_site":"@ParoleOstili","twitter_misc":{"Est. reading time":"1 minute"},"schema":{"@context":"https:\/\/schema.org","@graph":[{"@type":"WebPage","@id":"https:\/\/old.paroleostili.it\/en\/libro-10-racconti-2\/","url":"https:\/\/old.paroleostili.it\/en\/libro-10-racconti-2\/","name":"Parole Ostili - 10 racconti | Il libro del Manifesto della comunicazione non ostile.","isPartOf":{"@id":"https:\/\/old.paroleostili.it\/#website"},"datePublished":"2018-04-24T11:11:10+00:00","dateModified":"2023-10-06T09:13:37+00:00","description":"10 principi, 10 racconti, 10 diversi autori. La raccolta \u00e8 frutto di un'inedita alleanza tra MIUR, Salone del Libro di Torino, Editori Laterza e Parole O_Stili.","breadcrumb":{"@id":"https:\/\/old.paroleostili.it\/en\/libro-10-racconti-2\/#breadcrumb"},"inLanguage":"en-US","potentialAction":[{"@type":"ReadAction","target":["https:\/\/old.paroleostili.it\/en\/libro-10-racconti-2\/"]}]},{"@type":"BreadcrumbList","@id":"https:\/\/old.paroleostili.it\/en\/libro-10-racconti-2\/#breadcrumb","itemListElement":[{"@type":"ListItem","position":1,"name":"Home","item":"https:\/\/old.paroleostili.it\/en\/"},{"@type":"ListItem","position":2,"name":"Parole Ostili"}]},{"@type":"WebSite","@id":"https:\/\/old.paroleostili.it\/#website","url":"https:\/\/old.paroleostili.it\/","name":"Parole O_Stili","description":"La ferita provocata da una parola non guarisce.","publisher":{"@id":"https:\/\/old.paroleostili.it\/#organization"},"potentialAction":[{"@type":"SearchAction","target":{"@type":"EntryPoint","urlTemplate":"https:\/\/old.paroleostili.it\/?s={search_term_string}"},"query-input":"required name=search_term_string"}],"inLanguage":"en-US"},{"@type":"Organization","@id":"https:\/\/old.paroleostili.it\/#organization","name":"Parole Ostili","url":"https:\/\/old.paroleostili.it\/","logo":{"@type":"ImageObject","inLanguage":"en-US","@id":"https:\/\/old.paroleostili.it\/#\/schema\/logo\/image\/","url":"https:\/\/old.paroleostili.it\/wp-content\/uploads\/2019\/11\/po_logo-1.png","contentUrl":"https:\/\/old.paroleostili.it\/wp-content\/uploads\/2019\/11\/po_logo-1.png","width":834,"height":834,"caption":"Parole Ostili"},"image":{"@id":"https:\/\/old.paroleostili.it\/#\/schema\/logo\/image\/"},"sameAs":["https:\/\/www.facebook.com\/paroleostili\/","https:\/\/twitter.com\/ParoleOstili","https:\/\/www.instagram.com\/paroleostili\/","https:\/\/www.linkedin.com\/company\/17913338","https:\/\/www.youtube.com\/channel\/UC_j_mBg7H8JgMNWfqOuKiFQ"]}]}},"_links":{"self":[{"href":"https:\/\/old.paroleostili.it\/en\/wp-json\/wp\/v2\/pages\/27478"}],"collection":[{"href":"https:\/\/old.paroleostili.it\/en\/wp-json\/wp\/v2\/pages"}],"about":[{"href":"https:\/\/old.paroleostili.it\/en\/wp-json\/wp\/v2\/types\/page"}],"author":[{"embeddable":true,"href":"https:\/\/old.paroleostili.it\/en\/wp-json\/wp\/v2\/users\/30"}],"replies":[{"embeddable":true,"href":"https:\/\/old.paroleostili.it\/en\/wp-json\/wp\/v2\/comments?post=27478"}],"version-history":[{"count":8,"href":"https:\/\/old.paroleostili.it\/en\/wp-json\/wp\/v2\/pages\/27478\/revisions"}],"predecessor-version":[{"id":55200,"href":"https:\/\/old.paroleostili.it\/en\/wp-json\/wp\/v2\/pages\/27478\/revisions\/55200"}],"wp:attachment":[{"href":"https:\/\/old.paroleostili.it\/en\/wp-json\/wp\/v2\/media?parent=27478"}],"curies":[{"name":"wp","href":"https:\/\/api.w.org\/{rel}","templated":true}]}}